{"id":682,"date":"2022-05-12T22:53:38","date_gmt":"2022-05-12T20:53:38","guid":{"rendered":"https:\/\/www.guatemalatransportservice.com\/?page_id=682"},"modified":"2025-08-28T12:54:57","modified_gmt":"2025-08-28T10:54:57","slug":"descargo-de-responsabilidad-del-afiliado","status":"publish","type":"page","link":"https:\/\/www.guatemalatransportservice.com\/es\/descargo-de-responsabilidad-del-afiliado\/","title":{"rendered":"Descargo de responsabilidad del afiliado"},"content":{"rendered":"\n<p>Ciertos productos\/servicios y enlaces a productos\/servicios son enlaces de afiliados, y puedo ganar una comisi\u00f3n por las compras que realices. Ocasionalmente, se me compensa por dar mi opini\u00f3n sincera sobre productos y\/o servicios. Esto no te supondr\u00e1 ning\u00fan coste adicional.  <\/p>\n\n<p>Te menciono estos productos y servicios porque creo en ellos y quiero ayudarte a mejorar tu vida. S\u00f3lo recomiendo productos o servicios que creo que te aportan valor. A t\u00edtulo informativo, Universal Traveller es una empresa con \u00e1nimo de lucro, lo que significa que obtengo ingresos con este sitio web.<\/p>\n\n<p>Para pon\u00e9rnoslo f\u00e1cil a ambos, debes asumir que cualquier enlace que te lleve a productos o servicios son enlaces de afiliados y que recibir\u00e9 una comisi\u00f3n por tu compra.<\/p>\n\n<p>Se hace todo lo posible para garantizar que los enlaces de afiliados se divulguen de acuerdo con la FTC.<\/p>\n\n<p>Como Asociado de Amazon, gano por las compras que cumplan los requisitos.<\/p>\n\n<p>Este blog acepta formas de publicidad en efectivo, patrocinio, inserciones pagadas u otras formas de compensaci\u00f3n.<\/p>\n\n<p>Este blog se rige por las normas del marketing boca a boca. Creemos en la honestidad en las relaciones, las opiniones y las identidades. La compensaci\u00f3n recibida puede influir en el contenido publicitario, en los temas o en las publicaciones realizadas en este blog. Ese contenido, espacio publicitario o post estar\u00e1 claramente identificado como contenido pagado o patrocinado.<\/p>\n\n<p>Los propietarios de este blog reciben una remuneraci\u00f3n por ofrecer opiniones sobre productos, servicios, sitios web y otros temas. Aunque el\/los propietario(s) de este blog reciba(n) una compensaci\u00f3n por nuestras publicaciones o anuncios, siempre damos nuestras honestas opiniones, descubrimientos, creencias o experiencias sobre esos temas o productos. Los puntos de vista y opiniones expresados en este blog son exclusivamente los de los blogueros. Cualquier afirmaci\u00f3n, estad\u00edstica, cita u otra representaci\u00f3n sobre un producto o servicio debe verificarse con el fabricante, proveedor o parte en cuesti\u00f3n.   <\/p>\n\n<p><a href=\"https:\/\/www.guatemalatransportservice.com\/es\/politica-de-privacidad\/\">Pol\u00edtica de privacidad<\/a><\/p>\n\n<div id=\"mediavine-settings\" data-blocklist-content-desktop=\"1\" data-blocklist-content-mobile=\"1\"> <\/div>\n\n<p><\/p>\n\n\n<div class=\"kk-star-ratings kksr-auto kksr-align-left kksr-valign-bottom\"\n    data-payload='{&quot;align&quot;:&quot;left&quot;,&quot;id&quot;:&quot;682&quot;,&quot;slug&quot;:&quot;default&quot;,&quot;valign&quot;:&quot;bottom&quot;,&quot;ignore&quot;:&quot;&quot;,&quot;reference&quot;:&quot;auto&quot;,&quot;class&quot;:&quot;&quot;,&quot;count&quot;:&quot;0&quot;,&quot;legendonly&quot;:&quot;&quot;,&quot;readonly&quot;:&quot;&quot;,&quot;score&quot;:&quot;0&quot;,&quot;starsonly&quot;:&quot;&quot;,&quot;best&quot;:&quot;5&quot;,&quot;gap&quot;:&quot;5&quot;,&quot;greet&quot;:&quot;Rate this page&quot;,&quot;legend&quot;:&quot;0\\\/5 - (0 votos)&quot;,&quot;size&quot;:&quot;24&quot;,&quot;title&quot;:&quot;Descargo de responsabilidad del afiliado&quot;,&quot;width&quot;:&quot;0&quot;,&quot;_legend&quot;:&quot;{score}\\\/{best} - ({count} {votes})&quot;,&quot;font_factor&quot;:&quot;1.25&quot;}'>\n            \n<div class=\"kksr-stars\">\n    \n<div class=\"kksr-stars-inactive\">\n            <div class=\"kksr-star\" data-star=\"1\" style=\"padding-right: 5px\">\n            \n\n<div class=\"kksr-icon\" style=\"width: 24px; height: 24px;\"><\/div>\n        <\/div>\n            <div class=\"kksr-star\" data-star=\"2\" style=\"padding-right: 5px\">\n            \n\n<div class=\"kksr-icon\" style=\"width: 24px; height: 24px;\"><\/div>\n        <\/div>\n            <div class=\"kksr-star\" data-star=\"3\" style=\"padding-right: 5px\">\n            \n\n<div class=\"kksr-icon\" style=\"width: 24px; height: 24px;\"><\/div>\n        <\/div>\n            <div class=\"kksr-star\" data-star=\"4\" style=\"padding-right: 5px\">\n            \n\n<div class=\"kksr-icon\" style=\"width: 24px; height: 24px;\"><\/div>\n        <\/div>\n            <div class=\"kksr-star\" data-star=\"5\" style=\"padding-right: 5px\">\n            \n\n<div class=\"kksr-icon\" style=\"width: 24px; height: 24px;\"><\/div>\n        <\/div>\n    <\/div>\n    \n<div class=\"kksr-stars-active\" style=\"width: 0px;\">\n            <div class=\"kksr-star\" style=\"padding-right: 5px\">\n            \n\n<div class=\"kksr-icon\" style=\"width: 24px; height: 24px;\"><\/div>\n        <\/div>\n            <div class=\"kksr-star\" style=\"padding-right: 5px\">\n            \n\n<div class=\"kksr-icon\" style=\"width: 24px; height: 24px;\"><\/div>\n        <\/div>\n            <div class=\"kksr-star\" style=\"padding-right: 5px\">\n            \n\n<div class=\"kksr-icon\" style=\"width: 24px; height: 24px;\"><\/div>\n        <\/div>\n            <div class=\"kksr-star\" style=\"padding-right: 5px\">\n            \n\n<div class=\"kksr-icon\" style=\"width: 24px; height: 24px;\"><\/div>\n        <\/div>\n            <div class=\"kksr-star\" style=\"padding-right: 5px\">\n            \n\n<div class=\"kksr-icon\" style=\"width: 24px; height: 24px;\"><\/div>\n        <\/div>\n    <\/div>\n<\/div>\n                \n\n<div class=\"kksr-legend\" style=\"font-size: 19.2px;\">\n            <span class=\"kksr-muted\">Rate this page<\/span>\n    <\/div>\n    <\/div>\n","protected":false},"excerpt":{"rendered":"<p>Ciertos productos\/servicios y enlaces a productos\/servicios son enlaces de afiliados, y puedo ganar una comisi\u00f3n por las compras que realices. Ocasionalmente, se me compensa por dar mi opini\u00f3n sincera sobre productos y\/o servicios. Esto no te supondr\u00e1 ning\u00fan coste adicional. Te menciono estos productos y servicios porque creo en ellos y quiero ayudarte a mejorar&#8230;<\/p>\n","protected":false},"author":1,"featured_media":0,"parent":0,"menu_order":0,"comment_status":"closed","ping_status":"closed","template":"","meta":{"_acf_changed":false,"_kad_post_transparent":"disable","_kad_post_title":"show","_kad_post_layout":"normal","_kad_post_sidebar_id":"","_kad_post_content_style":"unboxed","_kad_post_vertical_padding":"hide","_kad_post_feature":"hide","_kad_post_feature_position":"","_kad_post_header":false,"_kad_post_footer":false,"footnotes":""},"class_list":["post-682","page","type-page","status-publish","hentry"],"acf":[],"_links":{"self":[{"href":"https:\/\/www.guatemalatransportservice.com\/es\/wp-json\/wp\/v2\/pages\/682","targetHints":{"allow":["GET"]}}],"collection":[{"href":"https:\/\/www.guatemalatransportservice.com\/es\/wp-json\/wp\/v2\/pages"}],"about":[{"href":"https:\/\/www.guatemalatransportservice.com\/es\/wp-json\/wp\/v2\/types\/page"}],"author":[{"embeddable":true,"href":"https:\/\/www.guatemalatransportservice.com\/es\/wp-json\/wp\/v2\/users\/1"}],"replies":[{"embeddable":true,"href":"https:\/\/www.guatemalatransportservice.com\/es\/wp-json\/wp\/v2\/comments?post=682"}],"version-history":[{"count":6,"href":"https:\/\/www.guatemalatransportservice.com\/es\/wp-json\/wp\/v2\/pages\/682\/revisions"}],"predecessor-version":[{"id":6641,"href":"https:\/\/www.guatemalatransportservice.com\/es\/wp-json\/wp\/v2\/pages\/682\/revisions\/6641"}],"wp:attachment":[{"href":"https:\/\/www.guatemalatransportservice.com\/es\/wp-json\/wp\/v2\/media?parent=682"}],"curies":[{"name":"wp","href":"https:\/\/api.w.org\/{rel}","templated":true}]}}