{"id":808,"date":"2022-05-12T22:53:38","date_gmt":"2022-05-12T20:53:38","guid":{"rendered":"https:\/\/www.guatemalatransportservice.com\/?page_id=808"},"modified":"2025-08-28T13:02:43","modified_gmt":"2025-08-28T11:02:43","slug":"avis-de-non-responsabilite-des-affilies","status":"publish","type":"page","link":"https:\/\/www.guatemalatransportservice.com\/fr\/avis-de-non-responsabilite-des-affilies\/","title":{"rendered":"Avis de non-responsabilit\u00e9 des affili\u00e9s"},"content":{"rendered":"\n<p>Certains produits\/services et liens vers des produits\/services sont des liens d&rsquo;affiliation, et je peux recevoir une commission pour tout achat que tu fais. Occasionnellement, je suis r\u00e9mun\u00e9r\u00e9e pour donner mon opinion honn\u00eate sur des produits et\/ou services. Cela n&rsquo;entra\u00eenera pas de frais suppl\u00e9mentaires pour toi.  <\/p>\n\n<p>Je te mentionne ces produits et services car je crois en eux et je veux t&rsquo;aider \u00e0 am\u00e9liorer ta vie. Je ne recommande que des produits ou services qui, selon moi, t&rsquo;apportent de la valeur. Universal Traveller est une entreprise \u00e0 but lucratif, ce qui signifie que ce site Web me rapporte un revenu.<\/p>\n\n<p>Pour nous faciliter la t\u00e2che \u00e0 tous les deux, tu dois supposer que tous les liens qui te m\u00e8nent \u00e0 des produits ou services sont des liens d&rsquo;affiliation et que je recevrai une commission sur ton achat.<\/p>\n\n<p>Tous les efforts sont faits pour s&rsquo;assurer que les liens affili\u00e9s sont divulgu\u00e9s conform\u00e9ment \u00e0 la FTC.<\/p>\n\n<p>En tant qu&rsquo;associ\u00e9e d&rsquo;Amazon, je gagne de l&rsquo;argent sur les achats admissibles.<\/p>\n\n<p>Ce blog accepte des formes de publicit\u00e9 en esp\u00e8ces, de parrainage, d&rsquo;insertions pay\u00e9es ou d&rsquo;autres formes de compensation.<\/p>\n\n<p>Ce blog respecte les normes du marketing du bouche-\u00e0-oreille. Nous croyons \u00e0 l&rsquo;honn\u00eatet\u00e9 dans les relations, les opinions et les identit\u00e9s. La compensation re\u00e7ue peut influencer le contenu publicitaire, les sujets ou les articles de ce blog. Ce contenu, cet espace publicitaire ou ce post sera clairement identifi\u00e9 comme un contenu payant ou sponsoris\u00e9.<\/p>\n\n<p>Le(s) propri\u00e9taire(s) de ce blog est (sont) r\u00e9mun\u00e9r\u00e9(s) pour fournir des opinions sur des produits, des services, des sites Web et divers autres sujets. M\u00eame si le ou les propri\u00e9taires de ce blog re\u00e7oivent une compensation pour nos articles ou nos publicit\u00e9s, nous donnons toujours nos opinions, d\u00e9couvertes, croyances ou exp\u00e9riences honn\u00eates sur ces sujets ou produits. Les points de vue et opinions exprim\u00e9s sur ce blog sont purement ceux des blogueurs. Toute all\u00e9gation, statistique, citation ou autre repr\u00e9sentation concernant un produit ou un service doit \u00eatre v\u00e9rifi\u00e9e aupr\u00e8s du fabricant, du fournisseur ou de la partie en question.   <\/p>\n\n<p><a href=\"https:\/\/www.guatemalatransportservice.com\/fr\/politique-de-confidentialite\/\">Politique de confidentialit\u00e9<\/a><\/p>\n\n<div id=\"mediavine-settings\" data-blocklist-content-desktop=\"1\" data-blocklist-content-mobile=\"1\"> <\/div>\n\n<p><\/p>\n\n\n<div class=\"kk-star-ratings kksr-auto kksr-align-left kksr-valign-bottom\"\n    data-payload='{&quot;align&quot;:&quot;left&quot;,&quot;id&quot;:&quot;808&quot;,&quot;slug&quot;:&quot;default&quot;,&quot;valign&quot;:&quot;bottom&quot;,&quot;ignore&quot;:&quot;&quot;,&quot;reference&quot;:&quot;auto&quot;,&quot;class&quot;:&quot;&quot;,&quot;count&quot;:&quot;0&quot;,&quot;legendonly&quot;:&quot;&quot;,&quot;readonly&quot;:&quot;&quot;,&quot;score&quot;:&quot;0&quot;,&quot;starsonly&quot;:&quot;&quot;,&quot;best&quot;:&quot;5&quot;,&quot;gap&quot;:&quot;5&quot;,&quot;greet&quot;:&quot;Rate this page&quot;,&quot;legend&quot;:&quot;0\\\/5 - (0 vote)&quot;,&quot;size&quot;:&quot;24&quot;,&quot;title&quot;:&quot;Avis de non-responsabilit\u00e9 des affili\u00e9s&quot;,&quot;width&quot;:&quot;0&quot;,&quot;_legend&quot;:&quot;{score}\\\/{best} - ({count} {votes})&quot;,&quot;font_factor&quot;:&quot;1.25&quot;}'>\n            \n<div class=\"kksr-stars\">\n    \n<div class=\"kksr-stars-inactive\">\n            <div class=\"kksr-star\" data-star=\"1\" style=\"padding-right: 5px\">\n            \n\n<div class=\"kksr-icon\" style=\"width: 24px; height: 24px;\"><\/div>\n        <\/div>\n            <div class=\"kksr-star\" data-star=\"2\" style=\"padding-right: 5px\">\n            \n\n<div class=\"kksr-icon\" style=\"width: 24px; height: 24px;\"><\/div>\n        <\/div>\n            <div class=\"kksr-star\" data-star=\"3\" style=\"padding-right: 5px\">\n            \n\n<div class=\"kksr-icon\" style=\"width: 24px; height: 24px;\"><\/div>\n        <\/div>\n            <div class=\"kksr-star\" data-star=\"4\" style=\"padding-right: 5px\">\n            \n\n<div class=\"kksr-icon\" style=\"width: 24px; height: 24px;\"><\/div>\n        <\/div>\n            <div class=\"kksr-star\" data-star=\"5\" style=\"padding-right: 5px\">\n            \n\n<div class=\"kksr-icon\" style=\"width: 24px; height: 24px;\"><\/div>\n        <\/div>\n    <\/div>\n    \n<div class=\"kksr-stars-active\" style=\"width: 0px;\">\n            <div class=\"kksr-star\" style=\"padding-right: 5px\">\n            \n\n<div class=\"kksr-icon\" style=\"width: 24px; height: 24px;\"><\/div>\n        <\/div>\n            <div class=\"kksr-star\" style=\"padding-right: 5px\">\n            \n\n<div class=\"kksr-icon\" style=\"width: 24px; height: 24px;\"><\/div>\n        <\/div>\n            <div class=\"kksr-star\" style=\"padding-right: 5px\">\n            \n\n<div class=\"kksr-icon\" style=\"width: 24px; height: 24px;\"><\/div>\n        <\/div>\n            <div class=\"kksr-star\" style=\"padding-right: 5px\">\n            \n\n<div class=\"kksr-icon\" style=\"width: 24px; height: 24px;\"><\/div>\n        <\/div>\n            <div class=\"kksr-star\" style=\"padding-right: 5px\">\n            \n\n<div class=\"kksr-icon\" style=\"width: 24px; height: 24px;\"><\/div>\n        <\/div>\n    <\/div>\n<\/div>\n                \n\n<div class=\"kksr-legend\" style=\"font-size: 19.2px;\">\n            <span class=\"kksr-muted\">Rate this page<\/span>\n    <\/div>\n    <\/div>\n","protected":false},"excerpt":{"rendered":"<p>Certains produits\/services et liens vers des produits\/services sont des liens d&rsquo;affiliation, et je peux recevoir une commission pour tout achat que tu fais. Occasionnellement, je suis r\u00e9mun\u00e9r\u00e9e pour donner mon opinion honn\u00eate sur des produits et\/ou services. Cela n&rsquo;entra\u00eenera pas de frais suppl\u00e9mentaires pour toi. Je te mentionne ces produits et services car je crois&#8230;<\/p>\n","protected":false},"author":1,"featured_media":0,"parent":0,"menu_order":0,"comment_status":"closed","ping_status":"closed","template":"","meta":{"_acf_changed":false,"_kad_post_transparent":"disable","_kad_post_title":"show","_kad_post_layout":"normal","_kad_post_sidebar_id":"","_kad_post_content_style":"unboxed","_kad_post_vertical_padding":"hide","_kad_post_feature":"","_kad_post_feature_position":"","_kad_post_header":false,"_kad_post_footer":false,"footnotes":""},"class_list":["post-808","page","type-page","status-publish","hentry"],"acf":[],"_links":{"self":[{"href":"https:\/\/www.guatemalatransportservice.com\/fr\/wp-json\/wp\/v2\/pages\/808","targetHints":{"allow":["GET"]}}],"collection":[{"href":"https:\/\/www.guatemalatransportservice.com\/fr\/wp-json\/wp\/v2\/pages"}],"about":[{"href":"https:\/\/www.guatemalatransportservice.com\/fr\/wp-json\/wp\/v2\/types\/page"}],"author":[{"embeddable":true,"href":"https:\/\/www.guatemalatransportservice.com\/fr\/wp-json\/wp\/v2\/users\/1"}],"replies":[{"embeddable":true,"href":"https:\/\/www.guatemalatransportservice.com\/fr\/wp-json\/wp\/v2\/comments?post=808"}],"version-history":[{"count":7,"href":"https:\/\/www.guatemalatransportservice.com\/fr\/wp-json\/wp\/v2\/pages\/808\/revisions"}],"predecessor-version":[{"id":6658,"href":"https:\/\/www.guatemalatransportservice.com\/fr\/wp-json\/wp\/v2\/pages\/808\/revisions\/6658"}],"wp:attachment":[{"href":"https:\/\/www.guatemalatransportservice.com\/fr\/wp-json\/wp\/v2\/media?parent=808"}],"curies":[{"name":"wp","href":"https:\/\/api.w.org\/{rel}","templated":true}]}}