{"id":1809,"date":"2022-05-12T22:53:38","date_gmt":"2022-05-12T20:53:38","guid":{"rendered":"https:\/\/www.guatemalatransportservice.com\/esclusione-di-responsabilita-dellaffiliato\/"},"modified":"2025-08-28T13:15:51","modified_gmt":"2025-08-28T11:15:51","slug":"esclusione-di-responsabilita-dellaffiliato","status":"publish","type":"page","link":"https:\/\/www.guatemalatransportservice.com\/it\/esclusione-di-responsabilita-dellaffiliato\/","title":{"rendered":"Esclusione di responsabilit\u00e0 dell&#8217;affiliato"},"content":{"rendered":"\n<p>Alcuni prodotti\/servizi e link a prodotti\/servizi sono link di affiliazione e potrei guadagnare una commissione per qualsiasi acquisto tu faccia. Occasionalmente, vengo ricompensata per dare la mia onesta opinione su prodotti e\/o servizi. Questo non comporter\u00e0 costi aggiuntivi per te.  <\/p>\n\n<p>Ti parlo di questi prodotti e servizi perch\u00e9 credo in loro e voglio aiutarti a migliorare la tua vita. Raccomando solo prodotti o servizi che ritengo offrano valore per te. Per completezza di informazione, Universal Traveller \u00e8 un&#8217;azienda a scopo di lucro, il che significa che guadagno un reddito con questo sito.<\/p>\n\n<p>Per rendere le cose pi\u00f9 facili ad entrambi, dovresti assumere che qualsiasi link che ti porta a prodotti o servizi sono link di affiliazione e che io ricever\u00f2 una commissione dal tuo acquisto.<\/p>\n\n<p>Tutti gli sforzi sono fatti per assicurare che i link di affiliazione siano divulgati in conformit\u00e0 con la FTC.<\/p>\n\n<p>In qualit\u00e0 di Associato Amazon, guadagno dagli acquisti qualificati.<\/p>\n\n<p>Questo blog accetta forme di pubblicit\u00e0 in denaro, sponsorizzazioni, inserzioni pagate o altre forme di compenso.<\/p>\n\n<p>Questo blog rispetta gli standard del marketing del passaparola. Crediamo nell&#8217;onest\u00e0 delle relazioni, delle opinioni e delle identit\u00e0. Il compenso ricevuto pu\u00f2 influenzare il contenuto pubblicitario, gli argomenti o i post di questo blog. Quel contenuto, spazio pubblicitario o post sar\u00e0 chiaramente identificato come contenuto pagato o sponsorizzato.<\/p>\n\n<p>I proprietari di questo blog sono compensati per fornire opinioni su prodotti, servizi, siti web e vari altri argomenti. Anche se i proprietari di questo blog ricevono un compenso per i nostri post o pubblicit\u00e0, noi diamo sempre le nostre oneste opinioni, scoperte, credenze o esperienze su questi argomenti o prodotti. I punti di vista e le opinioni espresse su questo blog sono puramente personali dei blogger. Qualsiasi affermazione, statistica, citazione o altra rappresentazione di un prodotto o servizio dovrebbe essere verificata con il produttore, il fornitore o la parte in questione.   <\/p>\n\n<p><a href=\"https:\/\/www.guatemalatransportservice.com\/it\/informativa-sulla-privacy\/\">Politica sulla privacy<\/a><\/p>\n\n<div id=\"mediavine-settings\" data-blocklist-content-desktop=\"1\" data-blocklist-content-mobile=\"1\"> <\/div>\n\n<p><\/p>\n\n\n<div class=\"kk-star-ratings kksr-auto kksr-align-left kksr-valign-bottom\"\n    data-payload='{&quot;align&quot;:&quot;left&quot;,&quot;id&quot;:&quot;1809&quot;,&quot;slug&quot;:&quot;default&quot;,&quot;valign&quot;:&quot;bottom&quot;,&quot;ignore&quot;:&quot;&quot;,&quot;reference&quot;:&quot;auto&quot;,&quot;class&quot;:&quot;&quot;,&quot;count&quot;:&quot;0&quot;,&quot;legendonly&quot;:&quot;&quot;,&quot;readonly&quot;:&quot;&quot;,&quot;score&quot;:&quot;0&quot;,&quot;starsonly&quot;:&quot;&quot;,&quot;best&quot;:&quot;5&quot;,&quot;gap&quot;:&quot;5&quot;,&quot;greet&quot;:&quot;Rate this page&quot;,&quot;legend&quot;:&quot;0\\\/5 - (0 votes)&quot;,&quot;size&quot;:&quot;24&quot;,&quot;title&quot;:&quot;Esclusione di responsabilit\u00e0 dell\\u0026#039;affiliato&quot;,&quot;width&quot;:&quot;0&quot;,&quot;_legend&quot;:&quot;{score}\\\/{best} - ({count} {votes})&quot;,&quot;font_factor&quot;:&quot;1.25&quot;}'>\n            \n<div class=\"kksr-stars\">\n    \n<div class=\"kksr-stars-inactive\">\n            <div class=\"kksr-star\" data-star=\"1\" style=\"padding-right: 5px\">\n            \n\n<div class=\"kksr-icon\" style=\"width: 24px; height: 24px;\"><\/div>\n        <\/div>\n            <div class=\"kksr-star\" data-star=\"2\" style=\"padding-right: 5px\">\n            \n\n<div class=\"kksr-icon\" style=\"width: 24px; height: 24px;\"><\/div>\n        <\/div>\n            <div class=\"kksr-star\" data-star=\"3\" style=\"padding-right: 5px\">\n            \n\n<div class=\"kksr-icon\" style=\"width: 24px; height: 24px;\"><\/div>\n        <\/div>\n            <div class=\"kksr-star\" data-star=\"4\" style=\"padding-right: 5px\">\n            \n\n<div class=\"kksr-icon\" style=\"width: 24px; height: 24px;\"><\/div>\n        <\/div>\n            <div class=\"kksr-star\" data-star=\"5\" style=\"padding-right: 5px\">\n            \n\n<div class=\"kksr-icon\" style=\"width: 24px; height: 24px;\"><\/div>\n        <\/div>\n    <\/div>\n    \n<div class=\"kksr-stars-active\" style=\"width: 0px;\">\n            <div class=\"kksr-star\" style=\"padding-right: 5px\">\n            \n\n<div class=\"kksr-icon\" style=\"width: 24px; height: 24px;\"><\/div>\n        <\/div>\n            <div class=\"kksr-star\" style=\"padding-right: 5px\">\n            \n\n<div class=\"kksr-icon\" style=\"width: 24px; height: 24px;\"><\/div>\n        <\/div>\n            <div class=\"kksr-star\" style=\"padding-right: 5px\">\n            \n\n<div class=\"kksr-icon\" style=\"width: 24px; height: 24px;\"><\/div>\n        <\/div>\n            <div class=\"kksr-star\" style=\"padding-right: 5px\">\n            \n\n<div class=\"kksr-icon\" style=\"width: 24px; height: 24px;\"><\/div>\n        <\/div>\n            <div class=\"kksr-star\" style=\"padding-right: 5px\">\n            \n\n<div class=\"kksr-icon\" style=\"width: 24px; height: 24px;\"><\/div>\n        <\/div>\n    <\/div>\n<\/div>\n                \n\n<div class=\"kksr-legend\" style=\"font-size: 19.2px;\">\n            <span class=\"kksr-muted\">Rate this page<\/span>\n    <\/div>\n    <\/div>\n","protected":false},"excerpt":{"rendered":"<p>Alcuni prodotti\/servizi e link a prodotti\/servizi sono link di affiliazione e potrei guadagnare una commissione per qualsiasi acquisto tu faccia. Occasionalmente, vengo ricompensata per dare la mia onesta opinione su prodotti e\/o servizi. Questo non comporter\u00e0 costi aggiuntivi per te. Ti parlo di questi prodotti e servizi perch\u00e9 credo in loro e voglio aiutarti a&#8230;<\/p>\n","protected":false},"author":1,"featured_media":0,"parent":0,"menu_order":0,"comment_status":"closed","ping_status":"closed","template":"","meta":{"_acf_changed":false,"_kad_post_transparent":"disable","_kad_post_title":"show","_kad_post_layout":"normal","_kad_post_sidebar_id":"","_kad_post_content_style":"unboxed","_kad_post_vertical_padding":"hide","_kad_post_feature":"","_kad_post_feature_position":"","_kad_post_header":false,"_kad_post_footer":false,"footnotes":""},"class_list":["post-1809","page","type-page","status-publish","hentry"],"acf":[],"_links":{"self":[{"href":"https:\/\/www.guatemalatransportservice.com\/it\/wp-json\/wp\/v2\/pages\/1809","targetHints":{"allow":["GET"]}}],"collection":[{"href":"https:\/\/www.guatemalatransportservice.com\/it\/wp-json\/wp\/v2\/pages"}],"about":[{"href":"https:\/\/www.guatemalatransportservice.com\/it\/wp-json\/wp\/v2\/types\/page"}],"author":[{"embeddable":true,"href":"https:\/\/www.guatemalatransportservice.com\/it\/wp-json\/wp\/v2\/users\/1"}],"replies":[{"embeddable":true,"href":"https:\/\/www.guatemalatransportservice.com\/it\/wp-json\/wp\/v2\/comments?post=1809"}],"version-history":[{"count":3,"href":"https:\/\/www.guatemalatransportservice.com\/it\/wp-json\/wp\/v2\/pages\/1809\/revisions"}],"predecessor-version":[{"id":6671,"href":"https:\/\/www.guatemalatransportservice.com\/it\/wp-json\/wp\/v2\/pages\/1809\/revisions\/6671"}],"wp:attachment":[{"href":"https:\/\/www.guatemalatransportservice.com\/it\/wp-json\/wp\/v2\/media?parent=1809"}],"curies":[{"name":"wp","href":"https:\/\/api.w.org\/{rel}","templated":true}]}}